{"id":4202,"date":"2024-01-11T12:10:31","date_gmt":"2024-01-11T11:10:31","guid":{"rendered":"https:\/\/www.collegejeanrostandcapbreton.fr\/?page_id=4202"},"modified":"2026-04-01T10:59:07","modified_gmt":"2026-04-01T09:59:07","slug":"le-dispositif-bilangue","status":"publish","type":"page","link":"https:\/\/www.collegejeanrostandcapbreton.fr\/?page_id=4202","title":{"rendered":"Le dispositif bilangue"},"content":{"rendered":"\n<p>Le dispositif bilangue permet aux \u00e9l\u00e8ves de 6\u00e8 d&rsquo;apprendre l&rsquo;espagnol pendant  deux heures par semaine, en plus de l&rsquo;horaire habituel d&rsquo;anglais. Il concerne 28 \u00e9l\u00e8ves et n&rsquo;est cumulable  ni avec la CHAM (Classe \u00e0 Horaires Am\u00e9nag\u00e9s Musique) ni avec les sections sportives.<\/p>\n\n\n\n<p>En 5\u00e8, l&rsquo;horaire hebdomadaire d&rsquo;espagnol est le m\u00eame pour tous, que les \u00e9l\u00e8ves aient particip\u00e9 au dispositif bilangue en 6\u00e8me ou non.<\/p>\n\n\n<div class=\"wp-block-image\">\n<figure class=\"aligncenter size-thumbnail\"><a href=\"http:\/\/www.collegejeanrostandcapbreton.fr\/wp-content\/uploads\/2024\/01\/spain-162428_1280.webp\"><img loading=\"lazy\" decoding=\"async\" width=\"150\" height=\"150\" src=\"https:\/\/www.collegejeanrostandcapbreton.fr\/wp-content\/uploads\/2024\/01\/spain-162428_1280-150x150.webp\" alt=\"\" class=\"wp-image-4216\" style=\"aspect-ratio:4\/3;object-fit:cover\"\/><\/a><\/figure><\/div>\n\n\n<p><strong>Les \u00e9l\u00e8ves concern\u00e9s :<\/strong> <\/p>\n\n\n\n<ul class=\"wp-block-list\">\n<li>\u00c9l\u00e8ves d\u00e9butants<\/li>\n\n\n\n<li>Pas d\u2019exigence de niveau, mais une attitude volontaire face au travail<\/li>\n\n\n\n<li>\u00catre motiv\u00e9 pour apprendre une nouvelle langue \u00e9trang\u00e8re<\/li>\n\n\n\n<li>Avoir l\u2019envie de d\u00e9couvrir la culture espagnole et hispano am\u00e9ricaine.<\/li>\n<\/ul>\n\n\n\n<p><\/p>\n\n\n\n<p><strong>L&rsquo;organisation :<\/strong><\/p>\n\n\n\n<ul class=\"wp-block-list\">\n<li>Priorit\u00e9 donn\u00e9e \u00e0 l\u2019oral, peu d\u2019\u00e9crit<\/li>\n\n\n\n<li>Apprentissages par le jeu<\/li>\n\n\n\n<li>Travail en classe privil\u00e9gi\u00e9 et peu de devoirs maison<\/li>\n\n\n\n<li>La culture adapt\u00e9e \u00e0 un jeune public<\/li>\n\n\n\n<li>D\u00e9couverte du vocabulaire utile en classe, au quotidien<\/li>\n\n\n\n<li>D\u00e9couverte de diff\u00e9rents aspects culturels en Espagne et en Am\u00e9rique Latine, \u00e0 travers les diff\u00e9rentes f\u00eates, traditions et chansons.<\/li>\n<\/ul>\n\n\n\n<p><\/p>\n\n\n\n<p><strong>Les atouts de l&rsquo;apprentissage de l&rsquo;espagnol d\u00e8s la 6\u00e8 : <\/strong><\/p>\n\n\n\n<ul class=\"wp-block-list\">\n<li>L&rsquo;apprentissage de l&rsquo;espagnol en 6\u00e8me peut donner un coup de pouce aux \u00e9l\u00e8ves et leur permettre de prendre un peu d\u2019avance.<\/li>\n\n\n\n<li>L\u2019espagnol est une langue importante autour de nous : proximit\u00e9 avec l\u2019Espagne, tourisme\u2026<\/li>\n\n\n\n<li>L&rsquo;espagnol est la troisi\u00e8me langue la plus parl\u00e9e dans le monde, sur des zones g\u00e9ographiques tr\u00e8s \u00e9tendues. Sa ma\u00eetrise peut donc \u00eatre un atout majeur dans la vie professionnelle, mais aussi personnelle.<\/li>\n<\/ul>\n\n\n\n<p><\/p>\n\n\n\n<p><a href=\"http:\/\/www.collegejeanrostandcapbreton.fr\/wp-content\/uploads\/2026\/04\/Dispositif-Bilangue-2026-2027.pdf\" target=\"_blank\" rel=\"noreferrer noopener\">Demande d&rsquo;inscription au dispositif bilangue<\/a><\/p>\n","protected":false},"excerpt":{"rendered":"<p>Le dispositif bilangue permet aux \u00e9l\u00e8ves de 6\u00e8 d&rsquo;apprendre l&rsquo;espagnol pendant deux heures par semaine, en plus de l&rsquo;horaire habituel d&rsquo;anglais. Il concerne 28 \u00e9l\u00e8ves et n&rsquo;est cumulable ni avec la CHAM (Classe \u00e0 Horaires Am\u00e9nag\u00e9s Musique) ni avec les sections sportives. En 5\u00e8, l&rsquo;horaire hebdomadaire d&rsquo;espagnol est le m\u00eame pour tous, que les \u00e9l\u00e8ves &hellip; <\/p>\n<p><a class=\"more-link btn\" href=\"https:\/\/www.collegejeanrostandcapbreton.fr\/?page_id=4202\">Lire la suite<\/a><\/p>\n","protected":false},"author":4,"featured_media":0,"parent":0,"menu_order":0,"comment_status":"closed","ping_status":"closed","template":"","meta":{"_acf_changed":false,"footnotes":""},"class_list":["post-4202","page","type-page","status-publish","hentry","nodate","item-wrap"],"acf":[],"_links":{"self":[{"href":"https:\/\/www.collegejeanrostandcapbreton.fr\/index.php?rest_route=\/wp\/v2\/pages\/4202","targetHints":{"allow":["GET"]}}],"collection":[{"href":"https:\/\/www.collegejeanrostandcapbreton.fr\/index.php?rest_route=\/wp\/v2\/pages"}],"about":[{"href":"https:\/\/www.collegejeanrostandcapbreton.fr\/index.php?rest_route=\/wp\/v2\/types\/page"}],"author":[{"embeddable":true,"href":"https:\/\/www.collegejeanrostandcapbreton.fr\/index.php?rest_route=\/wp\/v2\/users\/4"}],"replies":[{"embeddable":true,"href":"https:\/\/www.collegejeanrostandcapbreton.fr\/index.php?rest_route=%2Fwp%2Fv2%2Fcomments&post=4202"}],"version-history":[{"count":24,"href":"https:\/\/www.collegejeanrostandcapbreton.fr\/index.php?rest_route=\/wp\/v2\/pages\/4202\/revisions"}],"predecessor-version":[{"id":5222,"href":"https:\/\/www.collegejeanrostandcapbreton.fr\/index.php?rest_route=\/wp\/v2\/pages\/4202\/revisions\/5222"}],"wp:attachment":[{"href":"https:\/\/www.collegejeanrostandcapbreton.fr\/index.php?rest_route=%2Fwp%2Fv2%2Fmedia&parent=4202"}],"curies":[{"name":"wp","href":"https:\/\/api.w.org\/{rel}","templated":true}]}}