{"id":39,"date":"2016-01-06T13:51:45","date_gmt":"2016-01-06T12:51:45","guid":{"rendered":"http:\/\/localhost:8888\/JRC\/?page_id=39"},"modified":"2025-09-05T16:28:22","modified_gmt":"2025-09-05T15:28:22","slug":"plan-dacces","status":"publish","type":"page","link":"https:\/\/www.collegejeanrostandcapbreton.fr\/?page_id=39","title":{"rendered":"Contact"},"content":{"rendered":"\n<p><strong>Coll\u00e8ge Jean Rostand<\/strong><br>Avenue Jean Rostand<br>40130 Capbreton<\/p>\n\n\n\n<p><strong>\u260e 05 58 72 11 96<\/strong><\/p>\n\n\n\n<p>\u2709<strong> <a href=\"mailto:ce.0400005n@ac-bordeaux.fr\">ce.0400005n@ac-bordeaux.fr<\/a><\/strong><\/p>\n\n\n\n<h3 class=\"wp-block-heading\">Horaires d&rsquo;ouverture<\/h3>\n\n\n\n<p><\/p>\n\n\n\n<p style=\"line-height:0\">Lundi \/ Mardi \/ Jeudi \/ Vendredi : 8h-12H40 \/ 13h45-17h30<\/p>\n\n\n\n<p>A noter : les secr\u00e9tariats de gestion et de direction sont ferm\u00e9s au public les mardis et jeudis apr\u00e8s-midis. <\/p>\n\n\n\n<p style=\"line-height:0\">Mercredi : 8h &#8211; 13h30<\/p>\n\n\n\n<p><\/p>\n","protected":false},"excerpt":{"rendered":"<p>Coll\u00e8ge Jean RostandAvenue Jean Rostand40130 Capbreton \u260e 05 58 72 11 96 \u2709 ce.0400005n@ac-bordeaux.fr Horaires d&rsquo;ouverture Lundi \/ Mardi \/ Jeudi \/ Vendredi : 8h-12H40 \/ 13h45-17h30 A noter : les secr\u00e9tariats de gestion et de direction sont ferm\u00e9s au public les mardis et jeudis apr\u00e8s-midis. Mercredi : 8h &#8211; 13h30<\/p>\n","protected":false},"author":4,"featured_media":0,"parent":0,"menu_order":3,"comment_status":"closed","ping_status":"closed","template":"","meta":{"_acf_changed":false,"footnotes":""},"class_list":["post-39","page","type-page","status-publish","hentry","nodate","item-wrap"],"acf":[],"_links":{"self":[{"href":"https:\/\/www.collegejeanrostandcapbreton.fr\/index.php?rest_route=\/wp\/v2\/pages\/39","targetHints":{"allow":["GET"]}}],"collection":[{"href":"https:\/\/www.collegejeanrostandcapbreton.fr\/index.php?rest_route=\/wp\/v2\/pages"}],"about":[{"href":"https:\/\/www.collegejeanrostandcapbreton.fr\/index.php?rest_route=\/wp\/v2\/types\/page"}],"author":[{"embeddable":true,"href":"https:\/\/www.collegejeanrostandcapbreton.fr\/index.php?rest_route=\/wp\/v2\/users\/4"}],"replies":[{"embeddable":true,"href":"https:\/\/www.collegejeanrostandcapbreton.fr\/index.php?rest_route=%2Fwp%2Fv2%2Fcomments&post=39"}],"version-history":[{"count":46,"href":"https:\/\/www.collegejeanrostandcapbreton.fr\/index.php?rest_route=\/wp\/v2\/pages\/39\/revisions"}],"predecessor-version":[{"id":5103,"href":"https:\/\/www.collegejeanrostandcapbreton.fr\/index.php?rest_route=\/wp\/v2\/pages\/39\/revisions\/5103"}],"wp:attachment":[{"href":"https:\/\/www.collegejeanrostandcapbreton.fr\/index.php?rest_route=%2Fwp%2Fv2%2Fmedia&parent=39"}],"curies":[{"name":"wp","href":"https:\/\/api.w.org\/{rel}","templated":true}]}}