{"id":3693,"date":"2023-07-06T14:41:46","date_gmt":"2023-07-06T13:41:46","guid":{"rendered":"https:\/\/www.collegejeanrostandcapbreton.fr\/?page_id=3693"},"modified":"2023-12-01T09:42:51","modified_gmt":"2023-12-01T08:42:51","slug":"reglement-interieur-6","status":"publish","type":"page","link":"https:\/\/www.collegejeanrostandcapbreton.fr\/?page_id=3693","title":{"rendered":"R\u00e8glement Int\u00e9rieur"},"content":{"rendered":"\n<p>R\u00e8glement Int\u00e9rieur 2023\/2024 \u00e0 consulter ci-dessous :<\/p>\n\n\n\n<figure class=\"wp-block-image size-large is-resized\"><a href=\"http:\/\/www.collegejeanrostandcapbreton.fr\/wp-content\/uploads\/2023\/12\/reglement-interieur-modifie-27-novembre-2023.pdf\" target=\"_blank\" rel=\"noreferrer noopener\"><img loading=\"lazy\" decoding=\"async\" src=\"https:\/\/www.collegejeanrostandcapbreton.fr\/wp-content\/uploads\/2023\/12\/reglement-interieur-modifie-27-novembre-2023_page-0001-724x1024.jpg\" alt=\"\" class=\"wp-image-4158\" width=\"188\" height=\"266\" srcset=\"https:\/\/www.collegejeanrostandcapbreton.fr\/wp-content\/uploads\/2023\/12\/reglement-interieur-modifie-27-novembre-2023_page-0001-724x1024.jpg 724w, https:\/\/www.collegejeanrostandcapbreton.fr\/wp-content\/uploads\/2023\/12\/reglement-interieur-modifie-27-novembre-2023_page-0001-212x300.jpg 212w, https:\/\/www.collegejeanrostandcapbreton.fr\/wp-content\/uploads\/2023\/12\/reglement-interieur-modifie-27-novembre-2023_page-0001-768x1086.jpg 768w, https:\/\/www.collegejeanrostandcapbreton.fr\/wp-content\/uploads\/2023\/12\/reglement-interieur-modifie-27-novembre-2023_page-0001-1086x1536.jpg 1086w, https:\/\/www.collegejeanrostandcapbreton.fr\/wp-content\/uploads\/2023\/12\/reglement-interieur-modifie-27-novembre-2023_page-0001-750x1061.jpg 750w, https:\/\/www.collegejeanrostandcapbreton.fr\/wp-content\/uploads\/2023\/12\/reglement-interieur-modifie-27-novembre-2023_page-0001.jpg 1241w\" sizes=\"auto, (max-width: 188px) 100vw, 188px\" \/><\/a><\/figure>\n\n\n\n<p><a href=\"http:\/\/www.collegejeanrostandcapbreton.fr\/wp-content\/uploads\/2023\/09\/Reglement-interieur-modifie-04.07.23.pdf\"><\/a><\/p>\n\n\n\n<p>R\u00e8glement Int\u00e9rieur simplifi\u00e9 2023\/2024 \u00e0 consulter ci-dessous :<\/p>\n\n\n\n<figure class=\"wp-block-image size-large is-resized\"><a href=\"http:\/\/www.collegejeanrostandcapbreton.fr\/wp-content\/uploads\/2023\/09\/Reglement-interieur-simplifie-31.08.23.pdf\" target=\"_blank\" rel=\"noreferrer noopener\"><img loading=\"lazy\" decoding=\"async\" src=\"https:\/\/www.collegejeanrostandcapbreton.fr\/wp-content\/uploads\/2023\/09\/Reglement-interieur-simplifie-31.08.23-724x1024.jpg\" alt=\"\" class=\"wp-image-3899\" width=\"172\" height=\"243\" srcset=\"https:\/\/www.collegejeanrostandcapbreton.fr\/wp-content\/uploads\/2023\/09\/Reglement-interieur-simplifie-31.08.23-724x1024.jpg 724w, https:\/\/www.collegejeanrostandcapbreton.fr\/wp-content\/uploads\/2023\/09\/Reglement-interieur-simplifie-31.08.23-212x300.jpg 212w, https:\/\/www.collegejeanrostandcapbreton.fr\/wp-content\/uploads\/2023\/09\/Reglement-interieur-simplifie-31.08.23-768x1086.jpg 768w, https:\/\/www.collegejeanrostandcapbreton.fr\/wp-content\/uploads\/2023\/09\/Reglement-interieur-simplifie-31.08.23-1086x1536.jpg 1086w, https:\/\/www.collegejeanrostandcapbreton.fr\/wp-content\/uploads\/2023\/09\/Reglement-interieur-simplifie-31.08.23-750x1061.jpg 750w, https:\/\/www.collegejeanrostandcapbreton.fr\/wp-content\/uploads\/2023\/09\/Reglement-interieur-simplifie-31.08.23.jpg 1241w\" sizes=\"auto, (max-width: 172px) 100vw, 172px\" \/><\/a><\/figure>\n\n\n\n<p>Charte de restauration du CD 40 \u00e0 consulter ci-dessous :<\/p>\n\n\n\n<figure class=\"wp-block-image size-large is-resized\"><a href=\"http:\/\/www.collegejeanrostandcapbreton.fr\/wp-content\/uploads\/2023\/11\/charte-restauration-CD40.pdf\" target=\"_blank\" rel=\"noreferrer noopener\"><img loading=\"lazy\" decoding=\"async\" src=\"https:\/\/www.collegejeanrostandcapbreton.fr\/wp-content\/uploads\/2023\/11\/charte-restauration-CD40-724x1024.jpg\" alt=\"\" class=\"wp-image-4102\" width=\"174\" height=\"246\" srcset=\"https:\/\/www.collegejeanrostandcapbreton.fr\/wp-content\/uploads\/2023\/11\/charte-restauration-CD40-724x1024.jpg 724w, https:\/\/www.collegejeanrostandcapbreton.fr\/wp-content\/uploads\/2023\/11\/charte-restauration-CD40-212x300.jpg 212w, https:\/\/www.collegejeanrostandcapbreton.fr\/wp-content\/uploads\/2023\/11\/charte-restauration-CD40-768x1086.jpg 768w, https:\/\/www.collegejeanrostandcapbreton.fr\/wp-content\/uploads\/2023\/11\/charte-restauration-CD40-1086x1536.jpg 1086w, https:\/\/www.collegejeanrostandcapbreton.fr\/wp-content\/uploads\/2023\/11\/charte-restauration-CD40-750x1061.jpg 750w, https:\/\/www.collegejeanrostandcapbreton.fr\/wp-content\/uploads\/2023\/11\/charte-restauration-CD40.jpg 1241w\" sizes=\"auto, (max-width: 174px) 100vw, 174px\" \/><\/a><\/figure>\n\n\n\n<p>Charte des s\u00e9jours p\u00e9dagogiques \u00e0 consulter ci-dessous :<\/p>\n\n\n\n<figure class=\"wp-block-image size-large is-resized\"><a href=\"http:\/\/www.collegejeanrostandcapbreton.fr\/wp-content\/uploads\/2023\/12\/charte-des-voyages-mise-a-jour-nov-2023.pdf\" target=\"_blank\" rel=\"noreferrer noopener\"><img loading=\"lazy\" decoding=\"async\" src=\"https:\/\/www.collegejeanrostandcapbreton.fr\/wp-content\/uploads\/2023\/12\/charte-des-voyages-mise-a-jour-nov-2023_page-0001-724x1024.jpg\" alt=\"\" class=\"wp-image-4165\" width=\"159\" height=\"225\" srcset=\"https:\/\/www.collegejeanrostandcapbreton.fr\/wp-content\/uploads\/2023\/12\/charte-des-voyages-mise-a-jour-nov-2023_page-0001-724x1024.jpg 724w, https:\/\/www.collegejeanrostandcapbreton.fr\/wp-content\/uploads\/2023\/12\/charte-des-voyages-mise-a-jour-nov-2023_page-0001-212x300.jpg 212w, https:\/\/www.collegejeanrostandcapbreton.fr\/wp-content\/uploads\/2023\/12\/charte-des-voyages-mise-a-jour-nov-2023_page-0001-768x1086.jpg 768w, https:\/\/www.collegejeanrostandcapbreton.fr\/wp-content\/uploads\/2023\/12\/charte-des-voyages-mise-a-jour-nov-2023_page-0001-1086x1536.jpg 1086w, https:\/\/www.collegejeanrostandcapbreton.fr\/wp-content\/uploads\/2023\/12\/charte-des-voyages-mise-a-jour-nov-2023_page-0001-750x1061.jpg 750w, https:\/\/www.collegejeanrostandcapbreton.fr\/wp-content\/uploads\/2023\/12\/charte-des-voyages-mise-a-jour-nov-2023_page-0001.jpg 1241w\" sizes=\"auto, (max-width: 159px) 100vw, 159px\" \/><\/a><\/figure>\n","protected":false},"excerpt":{"rendered":"<p>R\u00e8glement Int\u00e9rieur 2023\/2024 \u00e0 consulter ci-dessous : R\u00e8glement Int\u00e9rieur simplifi\u00e9 2023\/2024 \u00e0 consulter ci-dessous : Charte de restauration du CD 40 \u00e0 consulter ci-dessous : Charte des s\u00e9jours p\u00e9dagogiques \u00e0 consulter ci-dessous :<\/p>\n","protected":false},"author":4,"featured_media":0,"parent":0,"menu_order":0,"comment_status":"closed","ping_status":"closed","template":"","meta":{"_acf_changed":false,"footnotes":""},"class_list":["post-3693","page","type-page","status-publish","hentry","nodate","item-wrap"],"acf":[],"_links":{"self":[{"href":"https:\/\/www.collegejeanrostandcapbreton.fr\/index.php?rest_route=\/wp\/v2\/pages\/3693","targetHints":{"allow":["GET"]}}],"collection":[{"href":"https:\/\/www.collegejeanrostandcapbreton.fr\/index.php?rest_route=\/wp\/v2\/pages"}],"about":[{"href":"https:\/\/www.collegejeanrostandcapbreton.fr\/index.php?rest_route=\/wp\/v2\/types\/page"}],"author":[{"embeddable":true,"href":"https:\/\/www.collegejeanrostandcapbreton.fr\/index.php?rest_route=\/wp\/v2\/users\/4"}],"replies":[{"embeddable":true,"href":"https:\/\/www.collegejeanrostandcapbreton.fr\/index.php?rest_route=%2Fwp%2Fv2%2Fcomments&post=3693"}],"version-history":[{"count":31,"href":"https:\/\/www.collegejeanrostandcapbreton.fr\/index.php?rest_route=\/wp\/v2\/pages\/3693\/revisions"}],"predecessor-version":[{"id":4169,"href":"https:\/\/www.collegejeanrostandcapbreton.fr\/index.php?rest_route=\/wp\/v2\/pages\/3693\/revisions\/4169"}],"wp:attachment":[{"href":"https:\/\/www.collegejeanrostandcapbreton.fr\/index.php?rest_route=%2Fwp%2Fv2%2Fmedia&parent=3693"}],"curies":[{"name":"wp","href":"https:\/\/api.w.org\/{rel}","templated":true}]}}