{"id":3541,"date":"2023-06-21T09:22:59","date_gmt":"2023-06-21T08:22:59","guid":{"rendered":"https:\/\/www.collegejeanrostandcapbreton.fr\/?page_id=3541"},"modified":"2024-07-02T15:29:10","modified_gmt":"2024-07-02T14:29:10","slug":"fse","status":"publish","type":"page","link":"https:\/\/www.collegejeanrostandcapbreton.fr\/?page_id=3541","title":{"rendered":"Foyer Socio-\u00c9ducatif"},"content":{"rendered":"\n<div class=\"wp-block-columns is-layout-flex wp-container-core-columns-is-layout-1 wp-block-columns-is-layout-flex\">\n<div class=\"wp-block-column is-layout-flow wp-block-column-is-layout-flow\" style=\"flex-basis:25%\">\n<figure class=\"wp-block-image size-full\"><a href=\"http:\/\/www.collegejeanrostandcapbreton.fr\/wp-content\/uploads\/2024\/07\/cropped-Logo-2024.png\"><img loading=\"lazy\" decoding=\"async\" width=\"512\" height=\"512\" src=\"http:\/\/www.collegejeanrostandcapbreton.fr\/wp-content\/uploads\/2024\/07\/cropped-Logo-2024.png\" alt=\"\" class=\"wp-image-4535\" srcset=\"https:\/\/www.collegejeanrostandcapbreton.fr\/wp-content\/uploads\/2024\/07\/cropped-Logo-2024.png 512w, https:\/\/www.collegejeanrostandcapbreton.fr\/wp-content\/uploads\/2024\/07\/cropped-Logo-2024-300x300.png 300w, https:\/\/www.collegejeanrostandcapbreton.fr\/wp-content\/uploads\/2024\/07\/cropped-Logo-2024-150x150.png 150w, https:\/\/www.collegejeanrostandcapbreton.fr\/wp-content\/uploads\/2024\/07\/cropped-Logo-2024-270x270.png 270w, https:\/\/www.collegejeanrostandcapbreton.fr\/wp-content\/uploads\/2024\/07\/cropped-Logo-2024-192x192.png 192w, https:\/\/www.collegejeanrostandcapbreton.fr\/wp-content\/uploads\/2024\/07\/cropped-Logo-2024-180x180.png 180w, https:\/\/www.collegejeanrostandcapbreton.fr\/wp-content\/uploads\/2024\/07\/cropped-Logo-2024-32x32.png 32w\" sizes=\"auto, (max-width: 512px) 100vw, 512px\" \/><\/a><\/figure>\n<\/div>\n\n\n\n<div class=\"wp-block-column is-layout-flow wp-block-column-is-layout-flow\" style=\"flex-basis:75%\">\n<p> Le Foyer Socio-Educatif joue un r\u00f4le essentiel au coll\u00e8ge. En adh\u00e9rent \u00e0 l&rsquo;association, vous contribuez au d\u00e9veloppement et \u00e0 la diversification des projets p\u00e9dagogiques de toute nature, qu&rsquo;ils soient culturels, sportifs ou artistiques, initi\u00e9s par les enseignants, les \u00e9l\u00e8ves ou leurs parents. Plus vos enfants sont impliqu\u00e9s dans cette association, plus leur sens des responsabilit\u00e9s est d\u00e9velopp\u00e9. L&rsquo;action du FSE s&rsquo;inscrit pleinement dans le projet d&rsquo;\u00e9ducation \u00e0 la citoyennet\u00e9.<\/p>\n<\/div>\n<\/div>\n\n\n<p>Ses actions en direction des \u00e9l\u00e8ves en 2023\/2024 ont aid\u00e9 \u00e0 soutenir et financer :<\/p>\n<ul>\n<li>Des \u00e9quipements pour l\u2019espace scolaire<\/li>\n<li>Des activit\u00e9s propos\u00e9es \u00e0 la pause m\u00e9ridienne \u00e0 travers des clubs ou ateliers<\/li>\n<li>Des sorties \u00e9ducatives<\/li>\n<li>Des participations aux besoins des diff\u00e9rentes sections sp\u00e9cifiques<\/li>\n<li>Un s\u00e9jour d\u2019int\u00e9gration pour les 6\u00e8 dans les Pyr\u00e9n\u00e9es en septembre 2023<\/li>\n<li>Un s\u00e9jour en Angleterre pour les 4\u00e8<\/li>\n<\/ul>\n<p>Et beaucoup de nouveaux projets \u00e0 venir pour l&rsquo;ann\u00e9e 2024\/2025 !<\/p>\n<p>Alors n&rsquo;attendez plus et adh\u00e9rer d\u00e8s maintenant au FSE !<\/p>\n<p>Votre cotisation modique et facultative profitera \u00e0 tous les \u00e9l\u00e8ves, quelque soit le projet :<\/p>\n<ul>\n<li>12\u20ac pour 1 enfant scolaris\u00e9 au coll\u00e8ge, 16\u20ac pour 2 enfants scolaris\u00e9s au coll\u00e8ge, 18\u20ac pour 3 enfants scolaris\u00e9s au coll\u00e8ge.<\/li>\n<\/ul>","protected":false},"excerpt":{"rendered":"<p>Le Foyer Socio-Educatif joue un r\u00f4le essentiel au coll\u00e8ge. En adh\u00e9rent \u00e0 l&rsquo;association, vous contribuez au d\u00e9veloppement et \u00e0 la diversification des projets p\u00e9dagogiques de toute nature, qu&rsquo;ils soient culturels, sportifs ou artistiques, initi\u00e9s par les enseignants, les \u00e9l\u00e8ves ou leurs parents. Plus vos enfants sont impliqu\u00e9s dans cette association, plus leur sens des responsabilit\u00e9s &hellip; <\/p>\n<p><a class=\"more-link btn\" href=\"https:\/\/www.collegejeanrostandcapbreton.fr\/?page_id=3541\">Lire la suite<\/a><\/p>\n","protected":false},"author":4,"featured_media":0,"parent":0,"menu_order":14,"comment_status":"closed","ping_status":"closed","template":"","meta":{"_acf_changed":false,"footnotes":""},"class_list":["post-3541","page","type-page","status-publish","hentry","nodate","item-wrap"],"acf":[],"_links":{"self":[{"href":"https:\/\/www.collegejeanrostandcapbreton.fr\/index.php?rest_route=\/wp\/v2\/pages\/3541","targetHints":{"allow":["GET"]}}],"collection":[{"href":"https:\/\/www.collegejeanrostandcapbreton.fr\/index.php?rest_route=\/wp\/v2\/pages"}],"about":[{"href":"https:\/\/www.collegejeanrostandcapbreton.fr\/index.php?rest_route=\/wp\/v2\/types\/page"}],"author":[{"embeddable":true,"href":"https:\/\/www.collegejeanrostandcapbreton.fr\/index.php?rest_route=\/wp\/v2\/users\/4"}],"replies":[{"embeddable":true,"href":"https:\/\/www.collegejeanrostandcapbreton.fr\/index.php?rest_route=%2Fwp%2Fv2%2Fcomments&post=3541"}],"version-history":[{"count":15,"href":"https:\/\/www.collegejeanrostandcapbreton.fr\/index.php?rest_route=\/wp\/v2\/pages\/3541\/revisions"}],"predecessor-version":[{"id":4540,"href":"https:\/\/www.collegejeanrostandcapbreton.fr\/index.php?rest_route=\/wp\/v2\/pages\/3541\/revisions\/4540"}],"wp:attachment":[{"href":"https:\/\/www.collegejeanrostandcapbreton.fr\/index.php?rest_route=%2Fwp%2Fv2%2Fmedia&parent=3541"}],"curies":[{"name":"wp","href":"https:\/\/api.w.org\/{rel}","templated":true}]}}