{"id":14,"date":"2015-11-26T16:37:53","date_gmt":"2015-11-26T15:37:53","guid":{"rendered":"http:\/\/localhost:8888\/JRC\/?page_id=14"},"modified":"2023-10-02T16:49:32","modified_gmt":"2023-10-02T15:49:32","slug":"la-vie-scolaire","status":"publish","type":"page","link":"https:\/\/www.collegejeanrostandcapbreton.fr\/?page_id=14","title":{"rendered":"Vie Scolaire"},"content":{"rendered":"\n<p style=\"line-height:0\">Retrouvez ci-dessous tous les documents relatifs \u00e0 la Vie Scolaire ci-dessous : <\/p>\n\n\n\n<ul class=\"wp-block-list\">\n<li>Charte \u00e9l\u00e8ves \u00e0 consulter <a href=\"http:\/\/www.collegejeanrostandcapbreton.fr\/wp-content\/uploads\/2023\/09\/Charte-eleves-2023.pdf\">i<\/a><a rel=\"noreferrer noopener\" href=\"http:\/\/www.collegejeanrostandcapbreton.fr\/wp-content\/uploads\/2023\/09\/Charte-eleves-2023.pdf\" target=\"_blank\">ci<\/a><\/li>\n<\/ul>\n\n\n\n<ul class=\"wp-block-list\">\n<li>Charte parents \u00e0 consulter <a rel=\"noreferrer noopener\" href=\"http:\/\/www.collegejeanrostandcapbreton.fr\/wp-content\/uploads\/2023\/09\/Charte-parents-2023.pdf\" target=\"_blank\">ici<\/a><\/li>\n<\/ul>\n\n\n\n<ul class=\"wp-block-list\">\n<li>Charte informatique \u00e0 consulter <a rel=\"noreferrer noopener\" href=\"http:\/\/www.collegejeanrostandcapbreton.fr\/wp-content\/uploads\/2023\/09\/Charte-informatique-2023.pdf\" target=\"_blank\">ici<\/a><\/li>\n<\/ul>\n\n\n\n<ul class=\"wp-block-list\">\n<li>Guide parents \u00ab\u00a0un coll\u00e9gien , un ordinateur portable\u00a0\u00bb <a href=\"http:\/\/www.collegejeanrostandcapbreton.fr\/wp-content\/uploads\/2023\/10\/Guide-infos-parents-ordiportable.pdf\" target=\"_blank\" rel=\"noreferrer noopener\">ici<\/a><\/li>\n<\/ul>\n","protected":false},"excerpt":{"rendered":"<p>Retrouvez ci-dessous tous les documents relatifs \u00e0 la Vie Scolaire ci-dessous :<\/p>\n","protected":false},"author":4,"featured_media":0,"parent":0,"menu_order":4,"comment_status":"closed","ping_status":"closed","template":"","meta":{"_acf_changed":false,"footnotes":""},"class_list":["post-14","page","type-page","status-publish","hentry","nodate","item-wrap"],"acf":[],"_links":{"self":[{"href":"https:\/\/www.collegejeanrostandcapbreton.fr\/index.php?rest_route=\/wp\/v2\/pages\/14","targetHints":{"allow":["GET"]}}],"collection":[{"href":"https:\/\/www.collegejeanrostandcapbreton.fr\/index.php?rest_route=\/wp\/v2\/pages"}],"about":[{"href":"https:\/\/www.collegejeanrostandcapbreton.fr\/index.php?rest_route=\/wp\/v2\/types\/page"}],"author":[{"embeddable":true,"href":"https:\/\/www.collegejeanrostandcapbreton.fr\/index.php?rest_route=\/wp\/v2\/users\/4"}],"replies":[{"embeddable":true,"href":"https:\/\/www.collegejeanrostandcapbreton.fr\/index.php?rest_route=%2Fwp%2Fv2%2Fcomments&post=14"}],"version-history":[{"count":14,"href":"https:\/\/www.collegejeanrostandcapbreton.fr\/index.php?rest_route=\/wp\/v2\/pages\/14\/revisions"}],"predecessor-version":[{"id":3982,"href":"https:\/\/www.collegejeanrostandcapbreton.fr\/index.php?rest_route=\/wp\/v2\/pages\/14\/revisions\/3982"}],"wp:attachment":[{"href":"https:\/\/www.collegejeanrostandcapbreton.fr\/index.php?rest_route=%2Fwp%2Fv2%2Fmedia&parent=14"}],"curies":[{"name":"wp","href":"https:\/\/api.w.org\/{rel}","templated":true}]}}