{"id":59,"date":"2016-01-06T14:01:21","date_gmt":"2016-01-06T13:01:21","guid":{"rendered":"http:\/\/localhost:8888\/JRC\/?page_id=59"},"modified":"2023-11-27T11:43:48","modified_gmt":"2023-11-27T10:43:48","slug":"segpa","status":"publish","type":"page","link":"http:\/\/www.collegejeanrostandcapbreton.fr\/?page_id=59","title":{"rendered":"SEGPA"},"content":{"rendered":"\n<p>La SEGPA\u00a0(Section d\u2019Enseignement G\u00e9n\u00e9ral et Professionnel Adapt\u00e9) accueille des jeunes de la 6\u00e8 \u00e0 la 3\u00e8 pr\u00e9sentant des difficult\u00e9s scolaires importantes qui n\u2019ont pas pu \u00eatre r\u00e9solues par des actions d\u2019aide scolaire et de soutien. Int\u00e9gr\u00e9e dans le coll\u00e8ge, la classe regroupe un petit nombre d\u2019\u00e9l\u00e8ves (16 au plus) pour individualiser le parcours de chacun.<\/p>\n\n\n\n<p>La SEGPA a pour ambition de mener les \u00e9l\u00e8ves \u00e0 une qualification dipl\u00f4mante et \u00e0 la poursuite d\u2019\u00e9tudes.<\/p>\n\n\n\n<p>Les \u00e9l\u00e8ves suivent les m\u00eames programmes d\u2019enseignement que leurs camarades de section g\u00e9n\u00e9rale, mais avec des adaptations et des am\u00e9nagements.<\/p>\n\n\n\n<p>Les enseignements g\u00e9n\u00e9raux sont assur\u00e9s par des professeurs des \u00e9coles sp\u00e9cialis\u00e9s et des professeurs certifi\u00e9s de coll\u00e8ge.<\/p>\n\n\n\n<p>Les enseignements professionnels sont assur\u00e9s par des professeurs des lyc\u00e9es professionnels sur des plateaux techniques, \u00e0 raison de :<\/p>\n\n\n\n<p>&#8211;\u00a0 6 heures en classe de quatri\u00e8me<\/p>\n\n\n\n<p>&#8211; 12 heures en classe de troisi\u00e8me<\/p>\n\n\n\n<p>Les deux champs professionnels propos\u00e9s au coll\u00e8ge de Capbreton sont&nbsp;Habitat (carrelage, bois, peinture, etc.) et Hygi\u00e8ne, Alimentation et Service.<\/p>\n\n\n\n<div class=\"wp-block-columns is-layout-flex wp-container-core-columns-is-layout-1 wp-block-columns-is-layout-flex\">\n<div class=\"wp-block-column is-layout-flow wp-block-column-is-layout-flow\">\n<figure class=\"wp-block-image size-full\"><a href=\"https:\/\/www.collegejeanrostandcapbreton.fr\/wp-content\/uploads\/2023\/11\/2-1.png\"><img loading=\"lazy\" decoding=\"async\" width=\"500\" height=\"500\" src=\"https:\/\/www.collegejeanrostandcapbreton.fr\/wp-content\/uploads\/2023\/11\/2-1.png\" alt=\"\" class=\"wp-image-4120\" srcset=\"http:\/\/www.collegejeanrostandcapbreton.fr\/wp-content\/uploads\/2023\/11\/2-1.png 500w, http:\/\/www.collegejeanrostandcapbreton.fr\/wp-content\/uploads\/2023\/11\/2-1-300x300.png 300w, http:\/\/www.collegejeanrostandcapbreton.fr\/wp-content\/uploads\/2023\/11\/2-1-150x150.png 150w\" sizes=\"auto, (max-width: 500px) 100vw, 500px\" \/><\/a><\/figure>\n<\/div>\n\n\n\n<div class=\"wp-block-column is-layout-flow wp-block-column-is-layout-flow\">\n<figure class=\"wp-block-image size-full\"><a href=\"https:\/\/www.collegejeanrostandcapbreton.fr\/wp-content\/uploads\/2023\/11\/3-2.png\"><img loading=\"lazy\" decoding=\"async\" width=\"500\" height=\"500\" src=\"https:\/\/www.collegejeanrostandcapbreton.fr\/wp-content\/uploads\/2023\/11\/3-2.png\" alt=\"\" class=\"wp-image-4122\" srcset=\"http:\/\/www.collegejeanrostandcapbreton.fr\/wp-content\/uploads\/2023\/11\/3-2.png 500w, http:\/\/www.collegejeanrostandcapbreton.fr\/wp-content\/uploads\/2023\/11\/3-2-300x300.png 300w, http:\/\/www.collegejeanrostandcapbreton.fr\/wp-content\/uploads\/2023\/11\/3-2-150x150.png 150w\" sizes=\"auto, (max-width: 500px) 100vw, 500px\" \/><\/a><\/figure>\n<\/div>\n<\/div>\n\n\n\n<p>A partir de la classe de 4\u00e8, des stages sont pr\u00e9vus dans l\u2019emploi du temps :<\/p>\n\n\n\n<p>&#8211; 3 fois une semaine en classe de quatri\u00e8me<\/p>\n\n\n\n<p>&#8211; 3 fois deux semaines en classe de troisi\u00e8me<\/p>\n\n\n\n<figure class=\"wp-block-image size-large\"><a href=\"http:\/\/www.collegejeanrostandcapbreton.fr\/wp-content\/uploads\/2023\/11\/Apres-la-SEGPA.jpg\"><img loading=\"lazy\" decoding=\"async\" width=\"1024\" height=\"576\" src=\"http:\/\/www.collegejeanrostandcapbreton.fr\/wp-content\/uploads\/2023\/11\/Apres-la-SEGPA-1024x576.jpg\" alt=\"\" class=\"wp-image-4118\" srcset=\"http:\/\/www.collegejeanrostandcapbreton.fr\/wp-content\/uploads\/2023\/11\/Apres-la-SEGPA-1024x576.jpg 1024w, http:\/\/www.collegejeanrostandcapbreton.fr\/wp-content\/uploads\/2023\/11\/Apres-la-SEGPA-300x169.jpg 300w, http:\/\/www.collegejeanrostandcapbreton.fr\/wp-content\/uploads\/2023\/11\/Apres-la-SEGPA-768x432.jpg 768w, http:\/\/www.collegejeanrostandcapbreton.fr\/wp-content\/uploads\/2023\/11\/Apres-la-SEGPA-1536x864.jpg 1536w, http:\/\/www.collegejeanrostandcapbreton.fr\/wp-content\/uploads\/2023\/11\/Apres-la-SEGPA-750x422.jpg 750w, http:\/\/www.collegejeanrostandcapbreton.fr\/wp-content\/uploads\/2023\/11\/Apres-la-SEGPA.jpg 2000w\" sizes=\"auto, (max-width: 1024px) 100vw, 1024px\" \/><\/a><\/figure>\n","protected":false},"excerpt":{"rendered":"<p>La SEGPA\u00a0(Section d\u2019Enseignement G\u00e9n\u00e9ral et Professionnel Adapt\u00e9) accueille des jeunes de la 6\u00e8 \u00e0 la 3\u00e8 pr\u00e9sentant des difficult\u00e9s scolaires importantes qui n\u2019ont pas pu \u00eatre r\u00e9solues par des actions d\u2019aide scolaire et de soutien. Int\u00e9gr\u00e9e dans le coll\u00e8ge, la classe regroupe un petit nombre d\u2019\u00e9l\u00e8ves (16 au plus) pour individualiser le parcours de chacun. &hellip; <\/p>\n<p><a class=\"more-link btn\" href=\"http:\/\/www.collegejeanrostandcapbreton.fr\/?page_id=59\">Lire la suite<\/a><\/p>\n","protected":false},"author":4,"featured_media":0,"parent":0,"menu_order":10,"comment_status":"closed","ping_status":"closed","template":"","meta":{"_acf_changed":false,"footnotes":""},"class_list":["post-59","page","type-page","status-publish","hentry","nodate","item-wrap"],"acf":[],"_links":{"self":[{"href":"http:\/\/www.collegejeanrostandcapbreton.fr\/index.php?rest_route=\/wp\/v2\/pages\/59","targetHints":{"allow":["GET"]}}],"collection":[{"href":"http:\/\/www.collegejeanrostandcapbreton.fr\/index.php?rest_route=\/wp\/v2\/pages"}],"about":[{"href":"http:\/\/www.collegejeanrostandcapbreton.fr\/index.php?rest_route=\/wp\/v2\/types\/page"}],"author":[{"embeddable":true,"href":"http:\/\/www.collegejeanrostandcapbreton.fr\/index.php?rest_route=\/wp\/v2\/users\/4"}],"replies":[{"embeddable":true,"href":"http:\/\/www.collegejeanrostandcapbreton.fr\/index.php?rest_route=%2Fwp%2Fv2%2Fcomments&post=59"}],"version-history":[{"count":4,"href":"http:\/\/www.collegejeanrostandcapbreton.fr\/index.php?rest_route=\/wp\/v2\/pages\/59\/revisions"}],"predecessor-version":[{"id":4143,"href":"http:\/\/www.collegejeanrostandcapbreton.fr\/index.php?rest_route=\/wp\/v2\/pages\/59\/revisions\/4143"}],"wp:attachment":[{"href":"http:\/\/www.collegejeanrostandcapbreton.fr\/index.php?rest_route=%2Fwp%2Fv2%2Fmedia&parent=59"}],"curies":[{"name":"wp","href":"https:\/\/api.w.org\/{rel}","templated":true}]}}