{"id":53,"date":"2016-01-06T13:59:17","date_gmt":"2016-01-06T12:59:17","guid":{"rendered":"http:\/\/localhost:8888\/JRC\/?page_id=53"},"modified":"2026-04-01T11:26:45","modified_gmt":"2026-04-01T10:26:45","slug":"sections","status":"publish","type":"page","link":"http:\/\/www.collegejeanrostandcapbreton.fr\/?page_id=53","title":{"rendered":"Sections Sportives"},"content":{"rendered":"\n<p>Les sections sportives scolaires offrent aux \u00e9l\u00e8ves volontaires la possibilit\u00e9 de b\u00e9n\u00e9ficier, apr\u00e8s accord des familles, d&rsquo;un entra\u00eenement plus soutenu dans une discipline sportive propos\u00e9e par l&rsquo;\u00e9tablissement, tout en suivant une scolarit\u00e9 normale. <\/p>\n\n\n\n<p>Ce compl\u00e9ment de pratique sportive approfondie doit motiver les \u00e9l\u00e8ves en leur donnant l&rsquo;occasion de progresser et d&rsquo;\u00eatre valoris\u00e9s dans leur sport de pr\u00e9dilection. Il contribue ainsi \u00e0 leur \u00e9panouissement et \u00e0 leur r\u00e9ussite scolaire. <\/p>\n\n\n\n<p>Les sections sportives scolaires permettent la formation de jeunes sportifs de bon niveau et de futurs \u00e9ducateurs, arbitres, officiels ou dirigeants. Elles permettent aux \u00e9l\u00e8ves d&rsquo;atteindre un bon niveau de pratique sans pour autant avoir pour objet la formation de sportifs de haut niveau. <\/p>\n\n\n\n<p><a href=\"http:\/\/www.collegejeanrostandcapbreton.fr\/wp-content\/uploads\/2026\/04\/Dossier-Section-Sportive-Golf-2026-2027.pdf\" target=\"_blank\" rel=\"noreferrer noopener\">Dossier de candidature et informations sur la section sportive golf<\/a><\/p>\n\n\n\n<figure class=\"wp-block-image size-full is-resized\"><a href=\"https:\/\/www.collegejeanrostandcapbreton.fr\/wp-content\/uploads\/2023\/11\/golf-1850984_1280-1.jpg\"><img loading=\"lazy\" decoding=\"async\" width=\"500\" height=\"468\" src=\"https:\/\/www.collegejeanrostandcapbreton.fr\/wp-content\/uploads\/2023\/11\/golf-1850984_1280-1.jpg\" alt=\"\" class=\"wp-image-4132\" style=\"width:425px;height:398px\" srcset=\"http:\/\/www.collegejeanrostandcapbreton.fr\/wp-content\/uploads\/2023\/11\/golf-1850984_1280-1.jpg 500w, http:\/\/www.collegejeanrostandcapbreton.fr\/wp-content\/uploads\/2023\/11\/golf-1850984_1280-1-300x281.jpg 300w\" sizes=\"auto, (max-width: 500px) 100vw, 500px\" \/><\/a><\/figure>\n\n\n\n<p><a href=\"http:\/\/www.collegejeanrostandcapbreton.fr\/wp-content\/uploads\/2026\/04\/Dossier-Section-Football-2026-2027.pdf\" target=\"_blank\" rel=\"noreferrer noopener\">Dossier de candidature et informations sur la section sportive football<\/a><\/p>\n\n\n\n<figure class=\"wp-block-image size-full is-resized\"><a href=\"http:\/\/www.collegejeanrostandcapbreton.fr\/wp-content\/uploads\/2023\/11\/5.png\"><img loading=\"lazy\" decoding=\"async\" width=\"500\" height=\"500\" src=\"http:\/\/www.collegejeanrostandcapbreton.fr\/wp-content\/uploads\/2023\/11\/5.png\" alt=\"\" class=\"wp-image-4125\" style=\"width:425px;height:425px\" srcset=\"http:\/\/www.collegejeanrostandcapbreton.fr\/wp-content\/uploads\/2023\/11\/5.png 500w, http:\/\/www.collegejeanrostandcapbreton.fr\/wp-content\/uploads\/2023\/11\/5-300x300.png 300w, http:\/\/www.collegejeanrostandcapbreton.fr\/wp-content\/uploads\/2023\/11\/5-150x150.png 150w\" sizes=\"auto, (max-width: 500px) 100vw, 500px\" \/><\/a><\/figure>\n\n\n\n<p><a href=\"http:\/\/www.collegejeanrostandcapbreton.fr\/wp-content\/uploads\/2026\/04\/Dossier-Section-Sportive-Surf-2026-2027.pdf\" target=\"_blank\" rel=\"noreferrer noopener\">Dossier de candidature et informations sur la section sportive surf<\/a><\/p>\n\n\n\n<figure class=\"wp-block-image size-full is-resized\"><a href=\"http:\/\/www.collegejeanrostandcapbreton.fr\/wp-content\/uploads\/2023\/11\/6.png\"><img loading=\"lazy\" decoding=\"async\" width=\"500\" height=\"500\" src=\"http:\/\/www.collegejeanrostandcapbreton.fr\/wp-content\/uploads\/2023\/11\/6.png\" alt=\"\" class=\"wp-image-4124\" style=\"width:425px;height:auto\" srcset=\"http:\/\/www.collegejeanrostandcapbreton.fr\/wp-content\/uploads\/2023\/11\/6.png 500w, http:\/\/www.collegejeanrostandcapbreton.fr\/wp-content\/uploads\/2023\/11\/6-300x300.png 300w, http:\/\/www.collegejeanrostandcapbreton.fr\/wp-content\/uploads\/2023\/11\/6-150x150.png 150w\" sizes=\"auto, (max-width: 500px) 100vw, 500px\" \/><\/a><\/figure>\n","protected":false},"excerpt":{"rendered":"<p>Les sections sportives scolaires offrent aux \u00e9l\u00e8ves volontaires la possibilit\u00e9 de b\u00e9n\u00e9ficier, apr\u00e8s accord des familles, d&rsquo;un entra\u00eenement plus soutenu dans une discipline sportive propos\u00e9e par l&rsquo;\u00e9tablissement, tout en suivant une scolarit\u00e9 normale. Ce compl\u00e9ment de pratique sportive approfondie doit motiver les \u00e9l\u00e8ves en leur donnant l&rsquo;occasion de progresser et d&rsquo;\u00eatre valoris\u00e9s dans leur sport &hellip; <\/p>\n<p><a class=\"more-link btn\" href=\"http:\/\/www.collegejeanrostandcapbreton.fr\/?page_id=53\">Lire la suite<\/a><\/p>\n","protected":false},"author":4,"featured_media":0,"parent":0,"menu_order":8,"comment_status":"closed","ping_status":"closed","template":"","meta":{"_acf_changed":false,"footnotes":""},"class_list":["post-53","page","type-page","status-publish","hentry","nodate","item-wrap"],"acf":[],"_links":{"self":[{"href":"http:\/\/www.collegejeanrostandcapbreton.fr\/index.php?rest_route=\/wp\/v2\/pages\/53","targetHints":{"allow":["GET"]}}],"collection":[{"href":"http:\/\/www.collegejeanrostandcapbreton.fr\/index.php?rest_route=\/wp\/v2\/pages"}],"about":[{"href":"http:\/\/www.collegejeanrostandcapbreton.fr\/index.php?rest_route=\/wp\/v2\/types\/page"}],"author":[{"embeddable":true,"href":"http:\/\/www.collegejeanrostandcapbreton.fr\/index.php?rest_route=\/wp\/v2\/users\/4"}],"replies":[{"embeddable":true,"href":"http:\/\/www.collegejeanrostandcapbreton.fr\/index.php?rest_route=%2Fwp%2Fv2%2Fcomments&post=53"}],"version-history":[{"count":62,"href":"http:\/\/www.collegejeanrostandcapbreton.fr\/index.php?rest_route=\/wp\/v2\/pages\/53\/revisions"}],"predecessor-version":[{"id":5232,"href":"http:\/\/www.collegejeanrostandcapbreton.fr\/index.php?rest_route=\/wp\/v2\/pages\/53\/revisions\/5232"}],"wp:attachment":[{"href":"http:\/\/www.collegejeanrostandcapbreton.fr\/index.php?rest_route=%2Fwp%2Fv2%2Fmedia&parent=53"}],"curies":[{"name":"wp","href":"https:\/\/api.w.org\/{rel}","templated":true}]}}